{"id":381,"date":"2025-08-19T14:57:35","date_gmt":"2025-08-19T11:57:35","guid":{"rendered":"http:\/\/staging.plazacubes.com\/en\/?page_id=381"},"modified":"2026-02-19T21:37:04","modified_gmt":"2026-02-19T18:37:04","slug":"ankara","status":"publish","type":"page","link":"https:\/\/plazacubes.com\/en\/ankara\/","title":{"rendered":"Ankara"},"content":{"rendered":"\t\t<div data-elementor-type=\"wp-page\" data-elementor-id=\"381\" class=\"elementor elementor-381\">\n\t\t\t\t<div class=\"elementor-element elementor-element-5b037a9 e-flex e-con-boxed e-con e-parent\" data-id=\"5b037a9\" data-element_type=\"container\" data-e-type=\"container\">\n\t\t\t\t\t<div class=\"e-con-inner\">\n\t\t\t\t<div class=\"elementor-element elementor-element-6065998 elementor-widget elementor-widget-heading\" data-id=\"6065998\" data-element_type=\"widget\" data-e-type=\"widget\" data-widget_type=\"heading.default\">\n\t\t\t\t\t<h2 class=\"elementor-heading-title elementor-size-default\">Ankara<\/h2>\t\t\t\t<\/div>\n\t\t\t\t<div class=\"elementor-element elementor-element-c088732 elementor-widget elementor-widget-text-editor\" data-id=\"c088732\" data-element_type=\"widget\" data-e-type=\"widget\" data-widget_type=\"text-editor.default\">\n\t\t\t\t\t\t\t\t\t<h2><b>Plaza Cubes Ankara \u2013 Flexible Serviced &amp; Virtual Office Solutions<\/b><\/h2>\n<p class=\"p3\">Gain a prestigious business presence in Turkey\u2019s capital with <a href=\"chatgpt:\/\/generic-entity?number=0\"><span class=\"s2\">Plaza Cubes<\/span><\/a> Ankara. Located in the prime business districts of <a href=\"chatgpt:\/\/generic-entity?number=1\"><span class=\"s2\">\u00c7ukurambar<\/span><\/a> and <a href=\"chatgpt:\/\/generic-entity?number=2\"><span class=\"s2\">S\u00f6\u011f\u00fct\u00f6z\u00fc<\/span><\/a>, we offer flexible serviced and virtual office solutions tailored to modern businesses.<\/p>\n<p class=\"p3\">Whether you need a professional address, a fully furnished private office, or collaborative coworking space, Plaza Cubes provides flexible rental options from daily to yearly terms \u2014 designed to support startups, SMEs, and corporate teams alike.<\/p>\n<h3><b>Our Office Solutions in Ankara<\/b><\/h3>\n<ul>\n<li>\n<p class=\"p1\">Fully Serviced Offices<\/p>\n<\/li>\n<li>\n<p class=\"p1\">Virtual Office Packages<\/p>\n<\/li>\n<li>\n<p class=\"p1\">Coworking &amp; Shared Workspaces<\/p>\n<\/li>\n<li>\n<p class=\"p1\">Dedicated Desk Options<\/p>\n<\/li>\n<li>\n<p class=\"p1\">Fully Equipped Meeting Rooms<\/p>\n<\/li>\n<\/ul>\n<h3><b>Why Choose Plaza Cubes Ankara?<\/b><\/h3>\n<ul>\n<li>\n<p class=\"p1\">Prime locations in Ankara\u2019s most prestigious business hubs<\/p>\n<\/li>\n<li>\n<p class=\"p1\">Modern plaza buildings with professional infrastructure<\/p>\n<\/li>\n<li>\n<p class=\"p1\">Flexible lease terms (daily, monthly, yearly)<\/p>\n<\/li>\n<li>\n<p class=\"p1\">Operational costs fully managed for you<\/p>\n<\/li>\n<li>\n<p class=\"p1\">Professional and prestigious business address<\/p>\n<\/li>\n<\/ul>\n<p class=\"p3\">Focus on growing your business \u2014 we\u2019ll take care of the rest.<\/p>\n<p class=\"p4\"><b>Fill out our quotation form today and let our team contact you with the best solution for your needs.<\/b><\/p>\t\t\t\t\t\t\t\t<\/div>\n\t\t\t\t\t<\/div>\n\t\t\t\t<\/div>\n\t\t<div class=\"elementor-element elementor-element-431f6a2d e-flex e-con-boxed e-con e-parent\" data-id=\"431f6a2d\" data-element_type=\"container\" data-e-type=\"container\">\n\t\t\t\t\t<div class=\"e-con-inner\">\n\t\t\t\t<div class=\"elementor-element elementor-element-4f14054c elementor-widget elementor-widget-text-editor\" data-id=\"4f14054c\" data-element_type=\"widget\" data-e-type=\"widget\" data-widget_type=\"text-editor.default\">\n\t\t\t\t\t\t\t\t\t\n<style>\r\n\t#wpsl-stores, #wpsl-direction-details, #wpsl-gmap {height:350px !important;}\r\n\t#wpsl-gmap .wpsl-info-window {max-width:225px !important;}\r\n\t.wpsl-input label, #wpsl-radius label, #wpsl-category label {width:95px;}\r\n\t#wpsl-search-input  {width:179px;}\r\n<\/style>\r\n<div id=\"wpsl-wrap\">\r\n\t<div class=\"wpsl-search wpsl-clearfix wpsl-no-filters\">\r\n\t\t<div id=\"wpsl-search-wrap\">\r\n\t\t\t<form autocomplete=\"off\">\r\n\t\t\t<div class=\"wpsl-input\">\r\n\t\t\t\t<div><label for=\"wpsl-search-input\">Your location<\/label><\/div>\r\n\t\t\t\t<input id=\"wpsl-search-input\" type=\"text\" value=\"\" name=\"wpsl-search-input\" placeholder=\"\" aria-required=\"true\" \/>\r\n\t\t\t<\/div>\r\n\t\t\t\t<div class=\"wpsl-search-btn-wrap\"><input id=\"wpsl-search-btn\" type=\"submit\" value=\"Search\"><\/div>\r\n\t\t<\/form>\r\n\t\t<\/div>\r\n\t<\/div>\r\n\t<div id=\"wpsl-gmap\" class=\"wpsl-gmap-canvas\"><\/div>\r\n\t<div id=\"wpsl-result-list\">\r\n\t\t<div id=\"wpsl-stores\" >\r\n\t\t\t<ul><\/ul>\r\n\t\t<\/div>\r\n\t\t<div id=\"wpsl-direction-details\">\r\n\t\t\t<ul><\/ul>\r\n\t\t<\/div>\r\n\t<\/div>\r\n<\/div>\r\n\n\t\t\t\t\t\t\t\t<\/div>\n\t\t\t\t\t<\/div>\n\t\t\t\t<\/div>\n\t\t\t\t<\/div>\n\t\t","protected":false},"excerpt":{"rendered":"<p>Ankara Plaza Cubes Ankara \u2013 Flexible Serviced &amp; Virtual Office Solutions Gain a prestigious business presence in Turkey\u2019s capital with [&hellip;]<\/p>\n","protected":false},"author":1,"featured_media":0,"parent":0,"menu_order":0,"comment_status":"closed","ping_status":"closed","template":"","meta":{"_uag_custom_page_level_css":"","site-sidebar-layout":"default","site-content-layout":"","ast-site-content-layout":"default","site-content-style":"default","site-sidebar-style":"default","ast-global-header-display":"","ast-banner-title-visibility":"","ast-main-header-display":"","ast-hfb-above-header-display":"","ast-hfb-below-header-display":"","ast-hfb-mobile-header-display":"","site-post-title":"disabled","ast-breadcrumbs-content":"","ast-featured-img":"","footer-sml-layout":"","ast-disable-related-posts":"","theme-transparent-header-meta":"","adv-header-id-meta":"","stick-header-meta":"","header-above-stick-meta":"","header-main-stick-meta":"","header-below-stick-meta":"","astra-migrate-meta-layouts":"default","ast-page-background-enabled":"default","ast-page-background-meta":{"desktop":{"background-color":"var(--ast-global-color-5)","background-image":"","background-repeat":"repeat","background-position":"center center","background-size":"auto","background-attachment":"scroll","background-type":"","background-media":"","overlay-type":"","overlay-color":"","overlay-opacity":"","overlay-gradient":""},"tablet":{"background-color":"","background-image":"","background-repeat":"repeat","background-position":"center center","background-size":"auto","background-attachment":"scroll","background-type":"","background-media":"","overlay-type":"","overlay-color":"","overlay-opacity":"","overlay-gradient":""},"mobile":{"background-color":"","background-image":"","background-repeat":"repeat","background-position":"center center","background-size":"auto","background-attachment":"scroll","background-type":"","background-media":"","overlay-type":"","overlay-color":"","overlay-opacity":"","overlay-gradient":""}},"ast-content-background-meta":{"desktop":{"background-color":"var(--ast-global-color-4)","background-image":"","background-repeat":"repeat","background-position":"center center","background-size":"auto","background-attachment":"scroll","background-type":"","background-media":"","overlay-type":"","overlay-color":"","overlay-opacity":"","overlay-gradient":""},"tablet":{"background-color":"var(--ast-global-color-4)","background-image":"","background-repeat":"repeat","background-position":"center center","background-size":"auto","background-attachment":"scroll","background-type":"","background-media":"","overlay-type":"","overlay-color":"","overlay-opacity":"","overlay-gradient":""},"mobile":{"background-color":"var(--ast-global-color-4)","background-image":"","background-repeat":"repeat","background-position":"center center","background-size":"auto","background-attachment":"scroll","background-type":"","background-media":"","overlay-type":"","overlay-color":"","overlay-opacity":"","overlay-gradient":""}},"footnotes":""},"class_list":["post-381","page","type-page","status-publish","hentry"],"yoast_head":"<!-- This site is optimized with the Yoast SEO plugin v27.4 - https:\/\/yoast.com\/product\/yoast-seo-wordpress\/ -->\n<title>Ankara - Plazacubes EN<\/title>\n<meta name=\"robots\" content=\"index, follow, max-snippet:-1, max-image-preview:large, max-video-preview:-1\" \/>\n<link rel=\"canonical\" href=\"https:\/\/plazacubes.com\/en\/ankara\/\" \/>\n<meta property=\"og:locale\" content=\"tr_TR\" \/>\n<meta property=\"og:type\" content=\"article\" \/>\n<meta property=\"og:title\" content=\"Ankara - Plazacubes EN\" \/>\n<meta property=\"og:description\" content=\"Ankara Plaza Cubes Ankara \u2013 Flexible Serviced &amp; Virtual Office Solutions Gain a prestigious business presence in Turkey\u2019s capital with [&hellip;]\" \/>\n<meta property=\"og:url\" content=\"https:\/\/plazacubes.com\/en\/ankara\/\" \/>\n<meta property=\"og:site_name\" content=\"Plazacubes EN\" \/>\n<meta property=\"article:modified_time\" content=\"2026-02-19T18:37:04+00:00\" \/>\n<meta name=\"twitter:card\" content=\"summary_large_image\" \/>\n<meta name=\"twitter:label1\" content=\"Tahmini okuma s\u00fcresi\" \/>\n\t<meta name=\"twitter:data1\" content=\"2 dakika\" \/>\n<script type=\"application\/ld+json\" class=\"yoast-schema-graph\">{\"@context\":\"https:\\\/\\\/schema.org\",\"@graph\":[{\"@type\":\"WebPage\",\"@id\":\"https:\\\/\\\/plazacubes.com\\\/en\\\/ankara\\\/\",\"url\":\"https:\\\/\\\/plazacubes.com\\\/en\\\/ankara\\\/\",\"name\":\"Ankara - Plazacubes EN\",\"isPartOf\":{\"@id\":\"https:\\\/\\\/plazacubes.com\\\/en\\\/#website\"},\"datePublished\":\"2025-08-19T11:57:35+00:00\",\"dateModified\":\"2026-02-19T18:37:04+00:00\",\"breadcrumb\":{\"@id\":\"https:\\\/\\\/plazacubes.com\\\/en\\\/ankara\\\/#breadcrumb\"},\"inLanguage\":\"tr\",\"potentialAction\":[{\"@type\":\"ReadAction\",\"target\":[\"https:\\\/\\\/plazacubes.com\\\/en\\\/ankara\\\/\"]}]},{\"@type\":\"BreadcrumbList\",\"@id\":\"https:\\\/\\\/plazacubes.com\\\/en\\\/ankara\\\/#breadcrumb\",\"itemListElement\":[{\"@type\":\"ListItem\",\"position\":1,\"name\":\"Anasayfa\",\"item\":\"https:\\\/\\\/plazacubes.com\\\/en\\\/\"},{\"@type\":\"ListItem\",\"position\":2,\"name\":\"Ankara\"}]},{\"@type\":\"WebSite\",\"@id\":\"https:\\\/\\\/plazacubes.com\\\/en\\\/#website\",\"url\":\"https:\\\/\\\/plazacubes.com\\\/en\\\/\",\"name\":\"Plazacubes EN\",\"description\":\"\",\"publisher\":{\"@id\":\"https:\\\/\\\/plazacubes.com\\\/en\\\/#organization\"},\"potentialAction\":[{\"@type\":\"SearchAction\",\"target\":{\"@type\":\"EntryPoint\",\"urlTemplate\":\"https:\\\/\\\/plazacubes.com\\\/en\\\/?s={search_term_string}\"},\"query-input\":{\"@type\":\"PropertyValueSpecification\",\"valueRequired\":true,\"valueName\":\"search_term_string\"}}],\"inLanguage\":\"tr\"},{\"@type\":\"Organization\",\"@id\":\"https:\\\/\\\/plazacubes.com\\\/en\\\/#organization\",\"name\":\"Plazacubes EN\",\"url\":\"https:\\\/\\\/plazacubes.com\\\/en\\\/\",\"logo\":{\"@type\":\"ImageObject\",\"inLanguage\":\"tr\",\"@id\":\"https:\\\/\\\/plazacubes.com\\\/en\\\/#\\\/schema\\\/logo\\\/image\\\/\",\"url\":\"https:\\\/\\\/plazacubes.com\\\/en\\\/wp-content\\\/uploads\\\/sites\\\/2\\\/2026\\\/02\\\/cropped-PC-20.Yil-Seffaf-Arka-Plan.png\",\"contentUrl\":\"https:\\\/\\\/plazacubes.com\\\/en\\\/wp-content\\\/uploads\\\/sites\\\/2\\\/2026\\\/02\\\/cropped-PC-20.Yil-Seffaf-Arka-Plan.png\",\"width\":1632,\"height\":311,\"caption\":\"Plazacubes EN\"},\"image\":{\"@id\":\"https:\\\/\\\/plazacubes.com\\\/en\\\/#\\\/schema\\\/logo\\\/image\\\/\"}}]}<\/script>\n<!-- \/ Yoast SEO plugin. -->","yoast_head_json":{"title":"Ankara - Plazacubes EN","robots":{"index":"index","follow":"follow","max-snippet":"max-snippet:-1","max-image-preview":"max-image-preview:large","max-video-preview":"max-video-preview:-1"},"canonical":"https:\/\/plazacubes.com\/en\/ankara\/","og_locale":"tr_TR","og_type":"article","og_title":"Ankara - Plazacubes EN","og_description":"Ankara Plaza Cubes Ankara \u2013 Flexible Serviced &amp; Virtual Office Solutions Gain a prestigious business presence in Turkey\u2019s capital with [&hellip;]","og_url":"https:\/\/plazacubes.com\/en\/ankara\/","og_site_name":"Plazacubes EN","article_modified_time":"2026-02-19T18:37:04+00:00","twitter_card":"summary_large_image","twitter_misc":{"Tahmini okuma s\u00fcresi":"2 dakika"},"schema":{"@context":"https:\/\/schema.org","@graph":[{"@type":"WebPage","@id":"https:\/\/plazacubes.com\/en\/ankara\/","url":"https:\/\/plazacubes.com\/en\/ankara\/","name":"Ankara - Plazacubes EN","isPartOf":{"@id":"https:\/\/plazacubes.com\/en\/#website"},"datePublished":"2025-08-19T11:57:35+00:00","dateModified":"2026-02-19T18:37:04+00:00","breadcrumb":{"@id":"https:\/\/plazacubes.com\/en\/ankara\/#breadcrumb"},"inLanguage":"tr","potentialAction":[{"@type":"ReadAction","target":["https:\/\/plazacubes.com\/en\/ankara\/"]}]},{"@type":"BreadcrumbList","@id":"https:\/\/plazacubes.com\/en\/ankara\/#breadcrumb","itemListElement":[{"@type":"ListItem","position":1,"name":"Anasayfa","item":"https:\/\/plazacubes.com\/en\/"},{"@type":"ListItem","position":2,"name":"Ankara"}]},{"@type":"WebSite","@id":"https:\/\/plazacubes.com\/en\/#website","url":"https:\/\/plazacubes.com\/en\/","name":"Plazacubes EN","description":"","publisher":{"@id":"https:\/\/plazacubes.com\/en\/#organization"},"potentialAction":[{"@type":"SearchAction","target":{"@type":"EntryPoint","urlTemplate":"https:\/\/plazacubes.com\/en\/?s={search_term_string}"},"query-input":{"@type":"PropertyValueSpecification","valueRequired":true,"valueName":"search_term_string"}}],"inLanguage":"tr"},{"@type":"Organization","@id":"https:\/\/plazacubes.com\/en\/#organization","name":"Plazacubes EN","url":"https:\/\/plazacubes.com\/en\/","logo":{"@type":"ImageObject","inLanguage":"tr","@id":"https:\/\/plazacubes.com\/en\/#\/schema\/logo\/image\/","url":"https:\/\/plazacubes.com\/en\/wp-content\/uploads\/sites\/2\/2026\/02\/cropped-PC-20.Yil-Seffaf-Arka-Plan.png","contentUrl":"https:\/\/plazacubes.com\/en\/wp-content\/uploads\/sites\/2\/2026\/02\/cropped-PC-20.Yil-Seffaf-Arka-Plan.png","width":1632,"height":311,"caption":"Plazacubes EN"},"image":{"@id":"https:\/\/plazacubes.com\/en\/#\/schema\/logo\/image\/"}}]}},"uagb_featured_image_src":{"full":false,"thumbnail":false,"medium":false,"medium_large":false,"large":false,"1536x1536":false,"2048x2048":false},"uagb_author_info":{"display_name":"PlazaPanelCubes","author_link":"https:\/\/plazacubes.com\/en\/blog\/author\/plazapanelcubes\/"},"uagb_comment_info":0,"uagb_excerpt":"Ankara Plaza Cubes Ankara \u2013 Flexible Serviced &amp; Virtual Office Solutions Gain a prestigious business presence in Turkey\u2019s capital with [&hellip;]","_links":{"self":[{"href":"https:\/\/plazacubes.com\/en\/wp-json\/wp\/v2\/pages\/381","targetHints":{"allow":["GET"]}}],"collection":[{"href":"https:\/\/plazacubes.com\/en\/wp-json\/wp\/v2\/pages"}],"about":[{"href":"https:\/\/plazacubes.com\/en\/wp-json\/wp\/v2\/types\/page"}],"author":[{"embeddable":true,"href":"https:\/\/plazacubes.com\/en\/wp-json\/wp\/v2\/users\/1"}],"replies":[{"embeddable":true,"href":"https:\/\/plazacubes.com\/en\/wp-json\/wp\/v2\/comments?post=381"}],"version-history":[{"count":22,"href":"https:\/\/plazacubes.com\/en\/wp-json\/wp\/v2\/pages\/381\/revisions"}],"predecessor-version":[{"id":38680,"href":"https:\/\/plazacubes.com\/en\/wp-json\/wp\/v2\/pages\/381\/revisions\/38680"}],"wp:attachment":[{"href":"https:\/\/plazacubes.com\/en\/wp-json\/wp\/v2\/media?parent=381"}],"curies":[{"name":"wp","href":"https:\/\/api.w.org\/{rel}","templated":true}]}}