{"id":250,"date":"2025-08-14T20:52:02","date_gmt":"2025-08-14T17:52:02","guid":{"rendered":"http:\/\/staging.plazacubes.com\/en\/?page_id=250"},"modified":"2026-02-04T09:59:39","modified_gmt":"2026-02-04T06:59:39","slug":"thank-you","status":"publish","type":"page","link":"https:\/\/plazacubes.com\/en\/thank-you\/","title":{"rendered":"Thank you"},"content":{"rendered":"\t\t<div data-elementor-type=\"wp-page\" data-elementor-id=\"250\" class=\"elementor elementor-250\">\n\t\t\t\t<div class=\"elementor-element elementor-element-a52f3e5 e-flex e-con-boxed e-con e-parent\" data-id=\"a52f3e5\" data-element_type=\"container\" data-e-type=\"container\">\n\t\t\t\t\t<div class=\"e-con-inner\">\n\t\t<div class=\"elementor-element elementor-element-13f2106 e-con-full e-flex e-con e-child\" data-id=\"13f2106\" data-element_type=\"container\" data-e-type=\"container\">\n\t\t\t\t<div class=\"elementor-element elementor-element-a1af61d elementor-widget elementor-widget-heading\" data-id=\"a1af61d\" data-element_type=\"widget\" data-e-type=\"widget\" data-widget_type=\"heading.default\">\n\t\t\t\t\t<h3 class=\"elementor-heading-title elementor-size-default\">Tebrikler, form ba\u015far\u0131yla g\u00f6nderildi.<\/h3>\t\t\t\t<\/div>\n\t\t\t\t<div class=\"elementor-element elementor-element-8c5424d elementor-widget elementor-widget-text-editor\" data-id=\"8c5424d\" data-element_type=\"widget\" data-e-type=\"widget\" data-widget_type=\"text-editor.default\">\n\t\t\t\t\t\t\t\t\t<div class=\"elementor-element elementor-element-d0af8a3 elementor-widget elementor-widget-text-editor\" data-id=\"d0af8a3\" data-element_type=\"widget\" data-widget_type=\"text-editor.default\"><div class=\"elementor-widget-container\"><p>Plaza Cubes\u2019a olan ilginiz i\u00e7in te\u015fekk\u00fcr ederiz. En k\u0131sa zamanda yetkililerimiz sizi arayacakt\u0131r.<\/p><\/div><\/div>\t\t\t\t\t\t\t\t<\/div>\n\t\t\t\t<\/div>\n\t\t<div class=\"elementor-element elementor-element-0202045 e-con-full e-flex e-con e-child\" data-id=\"0202045\" data-element_type=\"container\" data-e-type=\"container\">\n\t\t\t\t<div class=\"elementor-element elementor-element-015254d elementor-widget elementor-widget-image\" data-id=\"015254d\" data-element_type=\"widget\" data-e-type=\"widget\" data-widget_type=\"image.default\">\n\t\t\t\t\t\t\t\t\t\t\t\t\t\t\t<img loading=\"lazy\" decoding=\"async\" width=\"1024\" height=\"480\" src=\"https:\/\/plazacubes.com\/en\/wp-content\/uploads\/sites\/2\/2025\/08\/toplanti-alani-1024x480.jpg\" class=\"attachment-large size-large wp-image-233\" alt=\"\" srcset=\"https:\/\/plazacubes.com\/en\/wp-content\/uploads\/sites\/2\/2025\/08\/toplanti-alani-1024x480.jpg 1024w, https:\/\/plazacubes.com\/en\/wp-content\/uploads\/sites\/2\/2025\/08\/toplanti-alani-300x141.jpg 300w, https:\/\/plazacubes.com\/en\/wp-content\/uploads\/sites\/2\/2025\/08\/toplanti-alani-768x360.jpg 768w, https:\/\/plazacubes.com\/en\/wp-content\/uploads\/sites\/2\/2025\/08\/toplanti-alani-1536x720.jpg 1536w, https:\/\/plazacubes.com\/en\/wp-content\/uploads\/sites\/2\/2025\/08\/toplanti-alani.jpg 1920w\" sizes=\"auto, (max-width: 1024px) 100vw, 1024px\" \/>\t\t\t\t\t\t\t\t\t\t\t\t\t\t\t<\/div>\n\t\t\t\t<\/div>\n\t\t\t\t\t<\/div>\n\t\t\t\t<\/div>\n\t\t\t\t<\/div>\n\t\t","protected":false},"excerpt":{"rendered":"<p>Tebrikler, form ba\u015far\u0131yla g\u00f6nderildi. Plaza Cubes\u2019a olan ilginiz i\u00e7in te\u015fekk\u00fcr ederiz. En k\u0131sa zamanda yetkililerimiz sizi arayacakt\u0131r.<\/p>\n","protected":false},"author":1,"featured_media":0,"parent":0,"menu_order":0,"comment_status":"closed","ping_status":"closed","template":"","meta":{"_uag_custom_page_level_css":"","site-sidebar-layout":"no-sidebar","site-content-layout":"","ast-site-content-layout":"full-width-container","site-content-style":"default","site-sidebar-style":"default","ast-global-header-display":"","ast-banner-title-visibility":"","ast-main-header-display":"","ast-hfb-above-header-display":"","ast-hfb-below-header-display":"","ast-hfb-mobile-header-display":"","site-post-title":"disabled","ast-breadcrumbs-content":"","ast-featured-img":"disabled","footer-sml-layout":"","ast-disable-related-posts":"","theme-transparent-header-meta":"","adv-header-id-meta":"","stick-header-meta":"","header-above-stick-meta":"","header-main-stick-meta":"","header-below-stick-meta":"","astra-migrate-meta-layouts":"default","ast-page-background-enabled":"default","ast-page-background-meta":{"desktop":{"background-color":"var(--ast-global-color-5)","background-image":"","background-repeat":"repeat","background-position":"center center","background-size":"auto","background-attachment":"scroll","background-type":"","background-media":"","overlay-type":"","overlay-color":"","overlay-opacity":"","overlay-gradient":""},"tablet":{"background-color":"","background-image":"","background-repeat":"repeat","background-position":"center center","background-size":"auto","background-attachment":"scroll","background-type":"","background-media":"","overlay-type":"","overlay-color":"","overlay-opacity":"","overlay-gradient":""},"mobile":{"background-color":"","background-image":"","background-repeat":"repeat","background-position":"center center","background-size":"auto","background-attachment":"scroll","background-type":"","background-media":"","overlay-type":"","overlay-color":"","overlay-opacity":"","overlay-gradient":""}},"ast-content-background-meta":{"desktop":{"background-color":"var(--ast-global-color-4)","background-image":"","background-repeat":"repeat","background-position":"center center","background-size":"auto","background-attachment":"scroll","background-type":"","background-media":"","overlay-type":"","overlay-color":"","overlay-opacity":"","overlay-gradient":""},"tablet":{"background-color":"var(--ast-global-color-4)","background-image":"","background-repeat":"repeat","background-position":"center center","background-size":"auto","background-attachment":"scroll","background-type":"","background-media":"","overlay-type":"","overlay-color":"","overlay-opacity":"","overlay-gradient":""},"mobile":{"background-color":"var(--ast-global-color-4)","background-image":"","background-repeat":"repeat","background-position":"center center","background-size":"auto","background-attachment":"scroll","background-type":"","background-media":"","overlay-type":"","overlay-color":"","overlay-opacity":"","overlay-gradient":""}},"footnotes":""},"class_list":["post-250","page","type-page","status-publish","hentry"],"yoast_head":"<!-- This site is optimized with the Yoast SEO plugin v27.5 - https:\/\/yoast.com\/product\/yoast-seo-wordpress\/ -->\n<title>Thank you - Plazacubes EN<\/title>\n<meta name=\"robots\" content=\"index, follow, max-snippet:-1, max-image-preview:large, max-video-preview:-1\" \/>\n<link rel=\"canonical\" href=\"https:\/\/plazacubes.com\/en\/thank-you\/\" \/>\n<meta property=\"og:locale\" content=\"tr_TR\" \/>\n<meta property=\"og:type\" content=\"article\" \/>\n<meta property=\"og:title\" content=\"Thank you - Plazacubes EN\" \/>\n<meta property=\"og:description\" content=\"Tebrikler, form ba\u015far\u0131yla g\u00f6nderildi. Plaza Cubes\u2019a olan ilginiz i\u00e7in te\u015fekk\u00fcr ederiz. En k\u0131sa zamanda yetkililerimiz sizi arayacakt\u0131r.\" \/>\n<meta property=\"og:url\" content=\"https:\/\/plazacubes.com\/en\/thank-you\/\" \/>\n<meta property=\"og:site_name\" content=\"Plazacubes EN\" \/>\n<meta property=\"article:modified_time\" content=\"2026-02-04T06:59:39+00:00\" \/>\n<meta property=\"og:image\" content=\"https:\/\/plazacubes.com\/en\/wp-content\/uploads\/sites\/2\/2025\/08\/toplanti-alani.jpg\" \/>\n\t<meta property=\"og:image:width\" content=\"1920\" \/>\n\t<meta property=\"og:image:height\" content=\"900\" \/>\n\t<meta property=\"og:image:type\" content=\"image\/jpeg\" \/>\n<meta name=\"twitter:card\" content=\"summary_large_image\" \/>\n<meta name=\"twitter:label1\" content=\"Tahmini okuma s\u00fcresi\" \/>\n\t<meta name=\"twitter:data1\" content=\"1 dakika\" \/>\n<script type=\"application\/ld+json\" class=\"yoast-schema-graph\">{\"@context\":\"https:\\\/\\\/schema.org\",\"@graph\":[{\"@type\":\"WebPage\",\"@id\":\"https:\\\/\\\/plazacubes.com\\\/en\\\/thank-you\\\/\",\"url\":\"https:\\\/\\\/plazacubes.com\\\/en\\\/thank-you\\\/\",\"name\":\"Thank you - Plazacubes EN\",\"isPartOf\":{\"@id\":\"https:\\\/\\\/plazacubes.com\\\/en\\\/#website\"},\"primaryImageOfPage\":{\"@id\":\"https:\\\/\\\/plazacubes.com\\\/en\\\/thank-you\\\/#primaryimage\"},\"image\":{\"@id\":\"https:\\\/\\\/plazacubes.com\\\/en\\\/thank-you\\\/#primaryimage\"},\"thumbnailUrl\":\"https:\\\/\\\/plazacubes.com\\\/en\\\/wp-content\\\/uploads\\\/sites\\\/2\\\/2025\\\/08\\\/toplanti-alani-1024x480.jpg\",\"datePublished\":\"2025-08-14T17:52:02+00:00\",\"dateModified\":\"2026-02-04T06:59:39+00:00\",\"breadcrumb\":{\"@id\":\"https:\\\/\\\/plazacubes.com\\\/en\\\/thank-you\\\/#breadcrumb\"},\"inLanguage\":\"tr\",\"potentialAction\":[{\"@type\":\"ReadAction\",\"target\":[\"https:\\\/\\\/plazacubes.com\\\/en\\\/thank-you\\\/\"]}]},{\"@type\":\"ImageObject\",\"inLanguage\":\"tr\",\"@id\":\"https:\\\/\\\/plazacubes.com\\\/en\\\/thank-you\\\/#primaryimage\",\"url\":\"https:\\\/\\\/plazacubes.com\\\/en\\\/wp-content\\\/uploads\\\/sites\\\/2\\\/2025\\\/08\\\/toplanti-alani.jpg\",\"contentUrl\":\"https:\\\/\\\/plazacubes.com\\\/en\\\/wp-content\\\/uploads\\\/sites\\\/2\\\/2025\\\/08\\\/toplanti-alani.jpg\",\"width\":1920,\"height\":900},{\"@type\":\"BreadcrumbList\",\"@id\":\"https:\\\/\\\/plazacubes.com\\\/en\\\/thank-you\\\/#breadcrumb\",\"itemListElement\":[{\"@type\":\"ListItem\",\"position\":1,\"name\":\"Anasayfa\",\"item\":\"https:\\\/\\\/plazacubes.com\\\/en\\\/\"},{\"@type\":\"ListItem\",\"position\":2,\"name\":\"Thank you\"}]},{\"@type\":\"WebSite\",\"@id\":\"https:\\\/\\\/plazacubes.com\\\/en\\\/#website\",\"url\":\"https:\\\/\\\/plazacubes.com\\\/en\\\/\",\"name\":\"Plazacubes EN\",\"description\":\"\",\"publisher\":{\"@id\":\"https:\\\/\\\/plazacubes.com\\\/en\\\/#organization\"},\"potentialAction\":[{\"@type\":\"SearchAction\",\"target\":{\"@type\":\"EntryPoint\",\"urlTemplate\":\"https:\\\/\\\/plazacubes.com\\\/en\\\/?s={search_term_string}\"},\"query-input\":{\"@type\":\"PropertyValueSpecification\",\"valueRequired\":true,\"valueName\":\"search_term_string\"}}],\"inLanguage\":\"tr\"},{\"@type\":\"Organization\",\"@id\":\"https:\\\/\\\/plazacubes.com\\\/en\\\/#organization\",\"name\":\"Plazacubes EN\",\"url\":\"https:\\\/\\\/plazacubes.com\\\/en\\\/\",\"logo\":{\"@type\":\"ImageObject\",\"inLanguage\":\"tr\",\"@id\":\"https:\\\/\\\/plazacubes.com\\\/en\\\/#\\\/schema\\\/logo\\\/image\\\/\",\"url\":\"https:\\\/\\\/plazacubes.com\\\/en\\\/wp-content\\\/uploads\\\/sites\\\/2\\\/2026\\\/02\\\/cropped-PC-20.Yil-Seffaf-Arka-Plan.png\",\"contentUrl\":\"https:\\\/\\\/plazacubes.com\\\/en\\\/wp-content\\\/uploads\\\/sites\\\/2\\\/2026\\\/02\\\/cropped-PC-20.Yil-Seffaf-Arka-Plan.png\",\"width\":1632,\"height\":311,\"caption\":\"Plazacubes EN\"},\"image\":{\"@id\":\"https:\\\/\\\/plazacubes.com\\\/en\\\/#\\\/schema\\\/logo\\\/image\\\/\"}}]}<\/script>\n<!-- \/ Yoast SEO plugin. -->","yoast_head_json":{"title":"Thank you - Plazacubes EN","robots":{"index":"index","follow":"follow","max-snippet":"max-snippet:-1","max-image-preview":"max-image-preview:large","max-video-preview":"max-video-preview:-1"},"canonical":"https:\/\/plazacubes.com\/en\/thank-you\/","og_locale":"tr_TR","og_type":"article","og_title":"Thank you - Plazacubes EN","og_description":"Tebrikler, form ba\u015far\u0131yla g\u00f6nderildi. Plaza Cubes\u2019a olan ilginiz i\u00e7in te\u015fekk\u00fcr ederiz. En k\u0131sa zamanda yetkililerimiz sizi arayacakt\u0131r.","og_url":"https:\/\/plazacubes.com\/en\/thank-you\/","og_site_name":"Plazacubes EN","article_modified_time":"2026-02-04T06:59:39+00:00","og_image":[{"width":1920,"height":900,"url":"https:\/\/plazacubes.com\/en\/wp-content\/uploads\/sites\/2\/2025\/08\/toplanti-alani.jpg","type":"image\/jpeg"}],"twitter_card":"summary_large_image","twitter_misc":{"Tahmini okuma s\u00fcresi":"1 dakika"},"schema":{"@context":"https:\/\/schema.org","@graph":[{"@type":"WebPage","@id":"https:\/\/plazacubes.com\/en\/thank-you\/","url":"https:\/\/plazacubes.com\/en\/thank-you\/","name":"Thank you - Plazacubes EN","isPartOf":{"@id":"https:\/\/plazacubes.com\/en\/#website"},"primaryImageOfPage":{"@id":"https:\/\/plazacubes.com\/en\/thank-you\/#primaryimage"},"image":{"@id":"https:\/\/plazacubes.com\/en\/thank-you\/#primaryimage"},"thumbnailUrl":"https:\/\/plazacubes.com\/en\/wp-content\/uploads\/sites\/2\/2025\/08\/toplanti-alani-1024x480.jpg","datePublished":"2025-08-14T17:52:02+00:00","dateModified":"2026-02-04T06:59:39+00:00","breadcrumb":{"@id":"https:\/\/plazacubes.com\/en\/thank-you\/#breadcrumb"},"inLanguage":"tr","potentialAction":[{"@type":"ReadAction","target":["https:\/\/plazacubes.com\/en\/thank-you\/"]}]},{"@type":"ImageObject","inLanguage":"tr","@id":"https:\/\/plazacubes.com\/en\/thank-you\/#primaryimage","url":"https:\/\/plazacubes.com\/en\/wp-content\/uploads\/sites\/2\/2025\/08\/toplanti-alani.jpg","contentUrl":"https:\/\/plazacubes.com\/en\/wp-content\/uploads\/sites\/2\/2025\/08\/toplanti-alani.jpg","width":1920,"height":900},{"@type":"BreadcrumbList","@id":"https:\/\/plazacubes.com\/en\/thank-you\/#breadcrumb","itemListElement":[{"@type":"ListItem","position":1,"name":"Anasayfa","item":"https:\/\/plazacubes.com\/en\/"},{"@type":"ListItem","position":2,"name":"Thank you"}]},{"@type":"WebSite","@id":"https:\/\/plazacubes.com\/en\/#website","url":"https:\/\/plazacubes.com\/en\/","name":"Plazacubes EN","description":"","publisher":{"@id":"https:\/\/plazacubes.com\/en\/#organization"},"potentialAction":[{"@type":"SearchAction","target":{"@type":"EntryPoint","urlTemplate":"https:\/\/plazacubes.com\/en\/?s={search_term_string}"},"query-input":{"@type":"PropertyValueSpecification","valueRequired":true,"valueName":"search_term_string"}}],"inLanguage":"tr"},{"@type":"Organization","@id":"https:\/\/plazacubes.com\/en\/#organization","name":"Plazacubes EN","url":"https:\/\/plazacubes.com\/en\/","logo":{"@type":"ImageObject","inLanguage":"tr","@id":"https:\/\/plazacubes.com\/en\/#\/schema\/logo\/image\/","url":"https:\/\/plazacubes.com\/en\/wp-content\/uploads\/sites\/2\/2026\/02\/cropped-PC-20.Yil-Seffaf-Arka-Plan.png","contentUrl":"https:\/\/plazacubes.com\/en\/wp-content\/uploads\/sites\/2\/2026\/02\/cropped-PC-20.Yil-Seffaf-Arka-Plan.png","width":1632,"height":311,"caption":"Plazacubes EN"},"image":{"@id":"https:\/\/plazacubes.com\/en\/#\/schema\/logo\/image\/"}}]}},"uagb_featured_image_src":{"full":false,"thumbnail":false,"medium":false,"medium_large":false,"large":false,"1536x1536":false,"2048x2048":false},"uagb_author_info":{"display_name":"PlazaPanelCubes","author_link":"https:\/\/plazacubes.com\/en\/blog\/author\/plazapanelcubes\/"},"uagb_comment_info":0,"uagb_excerpt":"Tebrikler, form ba\u015far\u0131yla g\u00f6nderildi. Plaza Cubes\u2019a olan ilginiz i\u00e7in te\u015fekk\u00fcr ederiz. En k\u0131sa zamanda yetkililerimiz sizi arayacakt\u0131r.","_links":{"self":[{"href":"https:\/\/plazacubes.com\/en\/wp-json\/wp\/v2\/pages\/250","targetHints":{"allow":["GET"]}}],"collection":[{"href":"https:\/\/plazacubes.com\/en\/wp-json\/wp\/v2\/pages"}],"about":[{"href":"https:\/\/plazacubes.com\/en\/wp-json\/wp\/v2\/types\/page"}],"author":[{"embeddable":true,"href":"https:\/\/plazacubes.com\/en\/wp-json\/wp\/v2\/users\/1"}],"replies":[{"embeddable":true,"href":"https:\/\/plazacubes.com\/en\/wp-json\/wp\/v2\/comments?post=250"}],"version-history":[{"count":20,"href":"https:\/\/plazacubes.com\/en\/wp-json\/wp\/v2\/pages\/250\/revisions"}],"predecessor-version":[{"id":38329,"href":"https:\/\/plazacubes.com\/en\/wp-json\/wp\/v2\/pages\/250\/revisions\/38329"}],"wp:attachment":[{"href":"https:\/\/plazacubes.com\/en\/wp-json\/wp\/v2\/media?parent=250"}],"curies":[{"name":"wp","href":"https:\/\/api.w.org\/{rel}","templated":true}]}}