{"id":244,"date":"2025-08-14T19:07:05","date_gmt":"2025-08-14T16:07:05","guid":{"rendered":"http:\/\/staging.plazacubes.com\/en\/?page_id=244"},"modified":"2026-02-04T09:48:38","modified_gmt":"2026-02-04T06:48:38","slug":"call-me","status":"publish","type":"page","link":"https:\/\/plazacubes.com\/en\/call-me\/","title":{"rendered":"Call me"},"content":{"rendered":"\t\t<div data-elementor-type=\"wp-page\" data-elementor-id=\"244\" class=\"elementor elementor-244\">\n\t\t\t\t<div class=\"elementor-element elementor-element-aa78e8d e-flex e-con-boxed e-con e-parent\" data-id=\"aa78e8d\" data-element_type=\"container\" data-e-type=\"container\">\n\t\t\t\t\t<div class=\"e-con-inner\">\n\t\t<div class=\"elementor-element elementor-element-cc00182 e-con-full e-flex e-con e-child\" data-id=\"cc00182\" data-element_type=\"container\" data-e-type=\"container\">\n\t\t<div class=\"elementor-element elementor-element-0502377 e-con-full e-flex e-con e-child\" data-id=\"0502377\" data-element_type=\"container\" data-e-type=\"container\">\n\t\t\t\t<div class=\"elementor-element elementor-element-4e9e512 elementor-widget elementor-widget-heading\" data-id=\"4e9e512\" data-element_type=\"widget\" data-e-type=\"widget\" data-widget_type=\"heading.default\">\n\t\t\t\t\t<h2 class=\"elementor-heading-title elementor-size-default\">Beni Aray\u0131n<\/h2>\t\t\t\t<\/div>\n\t\t\t\t<\/div>\n\t\t<div class=\"elementor-element elementor-element-41dc62f e-con-full e-flex e-con e-child\" data-id=\"41dc62f\" data-element_type=\"container\" data-e-type=\"container\">\n\t\t\t\t<\/div>\n\t\t\t\t<\/div>\n\t\t\t\t\t<\/div>\n\t\t\t\t<\/div>\n\t\t<div class=\"elementor-element elementor-element-220c279 e-flex e-con-boxed e-con e-parent\" data-id=\"220c279\" data-element_type=\"container\" data-e-type=\"container\">\n\t\t\t\t\t<div class=\"e-con-inner\">\n\t\t<div class=\"elementor-element elementor-element-13333e5 e-con-full e-flex e-con e-child\" data-id=\"13333e5\" data-element_type=\"container\" data-e-type=\"container\">\n\t\t\t\t<div class=\"elementor-element elementor-element-72f36a5 elementor-widget elementor-widget-shortcode\" data-id=\"72f36a5\" data-element_type=\"widget\" data-e-type=\"widget\" data-widget_type=\"shortcode.default\">\n\t\t\t\t\t\t\t<div class=\"elementor-shortcode\">\n<div id=\"crmWebToEntityForm\" class=\"zcwf_lblLeft crmWebToEntityForm beni-arayin-formu\">\n    <form id=\"webform598749000181847021\"\n          action=\"https:\/\/crm.zoho.com\/crm\/WebToLeadForm\"\n          name=\"WebToLeads598749000181847021\"\n          method=\"POST\"\n          onSubmit='javascript:document.charset=\"UTF-8\"; return checkMandatory598749000181847021()'\n          accept-charset=\"UTF-8\">\n\n        <input type=\"text\" style=\"display:none;\" name=\"xnQsjsdp\" value=\"5c4dfbcb8c6f91dcd321e102dbf08d8690a1d7995f2c2a9def30c1f6c81ff20c\" \/>\n        <input type=\"hidden\" name=\"zc_gad\" id=\"zc_gad\" value=\"\" \/>\n        <input type=\"text\" style=\"display:none;\" name=\"xmIwtLD\" value=\"d331c62cfaffc82425c0a125d4a9125262e1b8979645a7458b723fea1825fd440c9fb372fc0771e4554490b26d38758c\" \/>\n        <input type=\"text\" style=\"display:none;\" name=\"actionType\" value=\"TGVhZHM=\" \/>\n        <input type=\"text\" style=\"display:none;\" name=\"returnURL\" value=\"https:\/\/plazacubes.com\/en\/thank-you\/?call_me=true\" \/>\n        <input type=\"text\" style=\"display:none;\" id=\"ldeskuid\" name=\"ldeskuid\" \/>\n        <input type=\"text\" style=\"display:none;\" id=\"LDTuvid\" name=\"LDTuvid\" \/>\n        <input type=\"text\" style=\"display:none;\" id=\"LEADCF9\" name=\"LEADCF9\" value=\"216.73.216.26\" \/>\n        <input type=\"text\" style=\"display:none;\" id=\"LEADCF49\" name=\"LEADCF49\" value=\"direct\" \/>\n        <input type=\"text\" style=\"display:none;\" id=\"LEADCF5\" name=\"LEADCF5\" value=\"Call Me Form - EN\" \/>\n        <input type=\"text\" style=\"display:none;\" id=\"Lead_Source\" name=\"Lead Source\" value=\"Web Site - EN\">\n        <input type=\"hidden\" name=\"aG9uZXlwb3Q\" value=\"\" \/>\n\n        <div class=\"zcwf_row\">\n            <label for=\"LEADCF1\">Location <span>*<\/span><\/label>\n            <select class=\"zcwf_col_fld_slt\" id=\"LEADCF1\" name=\"LEADCF1\" required>\n                <option value=\"\">Select Location *<\/option>\n                                    <option value=\"Ata\u015fehir | Palladium Tower\">\n                        Ata\u015fehir | Palladium Tower                    <\/option>\n                                    <option value=\"Ka\u011f\u0131thane | Papirus Plaza\">\n                        Ka\u011f\u0131thane | Papirus Plaza                    <\/option>\n                                    <option value=\"Kozyata\u011f\u0131 | Quick Tower\">\n                        Kozyata\u011f\u0131 | Quick Tower                    <\/option>\n                                    <option value=\"Kozyata\u011f\u0131 | Allianz Tower\">\n                        Kozyata\u011f\u0131 | Allianz Tower                    <\/option>\n                                    <option value=\"Levent | Ferko Signature\">\n                        Levent | Ferko Signature                    <\/option>\n                                    <option value=\"Levent | Nidakule Levent\">\n                        Levent | Nidakule Levent                    <\/option>\n                                    <option value=\"Levent | Tekfen Tower\">\n                        Levent | Tekfen Tower                    <\/option>\n                                    <option value=\"Maslak | Sun Plaza\">\n                        Maslak | Sun Plaza                    <\/option>\n                                    <option value=\"\u00dcmraniye | Cessas Plaza\">\n                        \u00dcmraniye | Cessas Plaza                    <\/option>\n                                    <option value=\"\u015ei\u015fli | Yap\u0131 Kredi Bomontiada\">\n                        \u015ei\u015fli | Yap\u0131 Kredi Bomontiada                    <\/option>\n                                    <option value=\"\u00c7ukurambar | Paragon Tower\">\n                        \u00c7ukurambar | Paragon Tower                    <\/option>\n                                    <option value=\"S\u00f6\u011f\u00fct\u00f6z\u00fc | Via Flat\">\n                        S\u00f6\u011f\u00fct\u00f6z\u00fc | Via Flat                    <\/option>\n                                    <option value=\"Bayrakl\u0131 | Mistral \u0130zmir\">\n                        Bayrakl\u0131 | Mistral \u0130zmir                    <\/option>\n                                    <option value=\"Dusseldorf | Hammer Stra\u00dfe 19\">\n                        Dusseldorf | Hammer Stra\u00dfe 19                    <\/option>\n                            <\/select>\n        <\/div>\n\n        <div class=\"row\">\n            <label for=\"LEADCF16\">Select Your Working Model <span>*<\/span><\/label>\n            <select id=\"LEADCF16\" name=\"LEADCF16\" required>\n                <option value=\"\">Select Service *<\/option>\n                                    <option value=\"Serviced Office\">\n                        Serviced Office                    <\/option>\n                                    <option value=\"Virtual Office\">\n                        Virtual Office                    <\/option>\n                                    <option value=\"Coworking\">\n                        Coworking                    <\/option>\n                                    <option value=\"Meeting Room\">\n                        Meeting Room                    <\/option>\n                            <\/select>\n        <\/div>\n\n        <div class=\"row\">\n            <label for=\"LEADCF34\">How Many People Are in Your Team? <span>*<\/span><\/label>\n            <select name=\"LEADCF34\" id=\"LEADCF34\" required>\n                <option value=\"\">Select Number of People *<\/option>\n                                    <option value=\"1-6\">\n                        1-6                    <\/option>\n                                    <option value=\"6-20\">\n                        6-20                    <\/option>\n                                    <option value=\"20-50\">\n                        20-50                    <\/option>\n                                    <option value=\"50+\">\n                        50+                    <\/option>\n                            <\/select>\n        <\/div>\n\n        <div class=\"form-half\">\n            <div class=\"row\">\n                <label for=\"First_Name\">First Name <span>*<\/span><\/label>\n                <input maxlength=\"40\" name=\"First Name\" required type=\"text\" placeholder=\"First Name *\">\n            <\/div>\n            <div class=\"row\">\n                <label for=\"Last_Name\">Last Name <span>*<\/span><\/label>\n                <input type=\"text\" id=\"Last_Name\" name=\"Last Name\" maxlength=\"80\" required placeholder=\"Last Name *\"\/>\n            <\/div>             \n        <\/div>\n\n        <div class=\"form-half\">\n            <div class=\"row\">\n                <label for=\"Phone\">Phone Number <span>*<\/span><\/label>\n                <input type=\"tel\" id=\"Phone\" name=\"Phone\" required \n                       oninput=\"this.value = this.value.replace(\/[^0-9]\/g, '').slice(0, 12);\"\n                       pattern=\"[0-9]{10,12}\" \n                       title=\"Please enter numbers only (maximum 12 digits).\" \n                       placeholder=\"Phone Number (Numeric) *\" \/>\n            <\/div>\n            <div class=\"row\">\n                <label for=\"Email\">Email Address <span>*<\/span><\/label>\n                <input type=\"email\" id=\"Email\" name=\"Email\" required maxlength=\"100\" placeholder=\"Email Address *\">\n            <\/div>\n        <\/div>\n\n        <div class=\"form-sozlesme-kvkk\">\n            <div class=\"row\">\n                <input type=\"checkbox\" id=\"LEADCF50\" name=\"LEADCF50\" value=\"I have read and approved the agreement\" required \/>\n                <label for=\"LEADCF50\">\n                    I have read and approve the \n                    <a href=\"\/kisisel-verilerinizin-korunmasi\" target=\"_blank\">Commercial Electronic Communication Consent<\/a>.\n                <\/label>\n            <\/div>\n            <div class=\"row\">\n                <input type=\"checkbox\" id=\"LEADCF51\" name=\"LEADCF51\" value=\"I consent to the processing of my personal data\" required \/>\n                <label for=\"LEADCF51\">\n                    I have read and approve the \n                    <a href=\"\/kisisel-verilerinizin-korunmasi\" target=\"_blank\">Explicit Consent Text<\/a>.\n                <\/label>\n            <\/div>\n        <\/div>\n\n        <div class=\"zcwf_row\">\n            <input type=\"submit\" id=\"formsubmit\" class=\"formsubmit zcwf_button\" value=\"Submit\" \/>\n        <\/div>\n\n        <script>\n            function checkMandatory598749000181847021() {\n                var mndFileds = ['Last Name', 'Phone', 'Email', 'LEADCF1', 'LEADCF16'];\n                var fldLangVal = ['Last Name', 'Phone', 'Email', 'Location', 'Service'];\n\n                for (i = 0; i < mndFileds.length; i++) {\n                    var fieldObj = document.forms['WebToLeads598749000181847021'][mndFileds[i]];\n                    if (fieldObj) {\n                        if (fieldObj.value.trim().length == 0) {\n                            alert(fldLangVal[i] + ' cannot be empty.');\n                            fieldObj.focus();\n                            return false;\n                        } else if (fieldObj.nodeName == 'SELECT' && fieldObj.value == '') {\n                            alert('Please select ' + fldLangVal[i] + '.');\n                            fieldObj.focus();\n                            return false;\n                        }\n                    }\n                }\n                document.querySelector('.crmWebToEntityForm .formsubmit').setAttribute('disabled', true);\n            }\n        <\/script>\n    <\/form>\n<\/div>\n<\/div>\n\t\t\t\t\t\t<\/div>\n\t\t\t\t<\/div>\n\t\t<div class=\"elementor-element elementor-element-4f8ce57 e-con-full e-flex e-con e-child\" data-id=\"4f8ce57\" data-element_type=\"container\" data-e-type=\"container\">\n\t\t\t\t<div class=\"elementor-element elementor-element-012a4b3 elementor-widget elementor-widget-image\" data-id=\"012a4b3\" data-element_type=\"widget\" data-e-type=\"widget\" data-widget_type=\"image.default\">\n\t\t\t\t\t\t\t\t\t\t\t\t\t\t\t<img decoding=\"async\" src=\"https:\/\/plazacubes.com\/en\/wp-content\/uploads\/sites\/2\/elementor\/thumbs\/Ferko-Signagure-Reception-rjaf9zwyhvf5cx3qpt63h213j8d2vqubsiwpbtejeg.jpg\" title=\"Ferko Signagure Reception\" alt=\"Ferko Signagure Reception\" loading=\"lazy\" \/>\t\t\t\t\t\t\t\t\t\t\t\t\t\t\t<\/div>\n\t\t\t\t<div class=\"elementor-element elementor-element-0269c0c elementor-widget elementor-widget-image\" data-id=\"0269c0c\" data-element_type=\"widget\" data-e-type=\"widget\" data-widget_type=\"image.default\">\n\t\t\t\t\t\t\t\t\t\t\t\t\t\t\t<img decoding=\"async\" src=\"https:\/\/plazacubes.com\/en\/wp-content\/uploads\/sites\/2\/elementor\/thumbs\/DSCF7106_HDR-scaled-1-rjaf9yz4b1dv1b53vargwk9mxuhpo1qlge97ujfxko.jpg\" title=\"DSCF7106_HDR-scaled\" alt=\"DSCF7106_HDR-scaled\" loading=\"lazy\" \/>\t\t\t\t\t\t\t\t\t\t\t\t\t\t\t<\/div>\n\t\t\t\t<\/div>\n\t\t\t\t\t<\/div>\n\t\t\t\t<\/div>\n\t\t\t\t<\/div>\n\t\t","protected":false},"excerpt":{"rendered":"<p>Beni Aray\u0131n<\/p>\n","protected":false},"author":1,"featured_media":0,"parent":0,"menu_order":0,"comment_status":"closed","ping_status":"closed","template":"","meta":{"_uag_custom_page_level_css":"","site-sidebar-layout":"no-sidebar","site-content-layout":"","ast-site-content-layout":"full-width-container","site-content-style":"default","site-sidebar-style":"default","ast-global-header-display":"","ast-banner-title-visibility":"","ast-main-header-display":"","ast-hfb-above-header-display":"","ast-hfb-below-header-display":"","ast-hfb-mobile-header-display":"","site-post-title":"disabled","ast-breadcrumbs-content":"","ast-featured-img":"disabled","footer-sml-layout":"","ast-disable-related-posts":"","theme-transparent-header-meta":"","adv-header-id-meta":"","stick-header-meta":"","header-above-stick-meta":"","header-main-stick-meta":"","header-below-stick-meta":"","astra-migrate-meta-layouts":"default","ast-page-background-enabled":"default","ast-page-background-meta":{"desktop":{"background-color":"var(--ast-global-color-5)","background-image":"","background-repeat":"repeat","background-position":"center center","background-size":"auto","background-attachment":"scroll","background-type":"","background-media":"","overlay-type":"","overlay-color":"","overlay-opacity":"","overlay-gradient":""},"tablet":{"background-color":"","background-image":"","background-repeat":"repeat","background-position":"center center","background-size":"auto","background-attachment":"scroll","background-type":"","background-media":"","overlay-type":"","overlay-color":"","overlay-opacity":"","overlay-gradient":""},"mobile":{"background-color":"","background-image":"","background-repeat":"repeat","background-position":"center center","background-size":"auto","background-attachment":"scroll","background-type":"","background-media":"","overlay-type":"","overlay-color":"","overlay-opacity":"","overlay-gradient":""}},"ast-content-background-meta":{"desktop":{"background-color":"var(--ast-global-color-4)","background-image":"","background-repeat":"repeat","background-position":"center center","background-size":"auto","background-attachment":"scroll","background-type":"","background-media":"","overlay-type":"","overlay-color":"","overlay-opacity":"","overlay-gradient":""},"tablet":{"background-color":"var(--ast-global-color-4)","background-image":"","background-repeat":"repeat","background-position":"center center","background-size":"auto","background-attachment":"scroll","background-type":"","background-media":"","overlay-type":"","overlay-color":"","overlay-opacity":"","overlay-gradient":""},"mobile":{"background-color":"var(--ast-global-color-4)","background-image":"","background-repeat":"repeat","background-position":"center center","background-size":"auto","background-attachment":"scroll","background-type":"","background-media":"","overlay-type":"","overlay-color":"","overlay-opacity":"","overlay-gradient":""}},"footnotes":""},"class_list":["post-244","page","type-page","status-publish","hentry"],"yoast_head":"<!-- This site is optimized with the Yoast SEO plugin v27.4 - https:\/\/yoast.com\/product\/yoast-seo-wordpress\/ -->\n<title>Call me - Plazacubes EN<\/title>\n<meta name=\"robots\" content=\"index, follow, max-snippet:-1, max-image-preview:large, max-video-preview:-1\" \/>\n<link rel=\"canonical\" href=\"https:\/\/plazacubes.com\/en\/call-me\/\" \/>\n<meta property=\"og:locale\" content=\"tr_TR\" \/>\n<meta property=\"og:type\" content=\"article\" \/>\n<meta property=\"og:title\" content=\"Call me - Plazacubes EN\" \/>\n<meta property=\"og:description\" content=\"Beni Aray\u0131n\" \/>\n<meta property=\"og:url\" content=\"https:\/\/plazacubes.com\/en\/call-me\/\" \/>\n<meta property=\"og:site_name\" content=\"Plazacubes EN\" \/>\n<meta property=\"article:modified_time\" content=\"2026-02-04T06:48:38+00:00\" \/>\n<meta property=\"og:image\" content=\"https:\/\/plazacubes.com\/en\/wp-content\/uploads\/sites\/2\/elementor\/thumbs\/Ferko-Signagure-Reception-rfzqhrptaf4i99ket651i1zdvcoq75785328kc6soo.jpg\" \/>\n<meta name=\"twitter:card\" content=\"summary_large_image\" \/>\n<meta name=\"twitter:label1\" content=\"Tahmini okuma s\u00fcresi\" \/>\n\t<meta name=\"twitter:data1\" content=\"1 dakika\" \/>\n<script type=\"application\/ld+json\" class=\"yoast-schema-graph\">{\"@context\":\"https:\\\/\\\/schema.org\",\"@graph\":[{\"@type\":\"WebPage\",\"@id\":\"https:\\\/\\\/plazacubes.com\\\/en\\\/call-me\\\/\",\"url\":\"https:\\\/\\\/plazacubes.com\\\/en\\\/call-me\\\/\",\"name\":\"Call me - Plazacubes EN\",\"isPartOf\":{\"@id\":\"https:\\\/\\\/plazacubes.com\\\/en\\\/#website\"},\"primaryImageOfPage\":{\"@id\":\"https:\\\/\\\/plazacubes.com\\\/en\\\/call-me\\\/#primaryimage\"},\"image\":{\"@id\":\"https:\\\/\\\/plazacubes.com\\\/en\\\/call-me\\\/#primaryimage\"},\"thumbnailUrl\":\"https:\\\/\\\/plazacubes.com\\\/en\\\/wp-content\\\/uploads\\\/sites\\\/2\\\/elementor\\\/thumbs\\\/Ferko-Signagure-Reception-rfzqhrptaf4i99ket651i1zdvcoq75785328kc6soo.jpg\",\"datePublished\":\"2025-08-14T16:07:05+00:00\",\"dateModified\":\"2026-02-04T06:48:38+00:00\",\"breadcrumb\":{\"@id\":\"https:\\\/\\\/plazacubes.com\\\/en\\\/call-me\\\/#breadcrumb\"},\"inLanguage\":\"tr\",\"potentialAction\":[{\"@type\":\"ReadAction\",\"target\":[\"https:\\\/\\\/plazacubes.com\\\/en\\\/call-me\\\/\"]}]},{\"@type\":\"ImageObject\",\"inLanguage\":\"tr\",\"@id\":\"https:\\\/\\\/plazacubes.com\\\/en\\\/call-me\\\/#primaryimage\",\"url\":\"https:\\\/\\\/plazacubes.com\\\/en\\\/wp-content\\\/uploads\\\/sites\\\/2\\\/elementor\\\/thumbs\\\/Ferko-Signagure-Reception-rfzqhrptaf4i99ket651i1zdvcoq75785328kc6soo.jpg\",\"contentUrl\":\"https:\\\/\\\/plazacubes.com\\\/en\\\/wp-content\\\/uploads\\\/sites\\\/2\\\/elementor\\\/thumbs\\\/Ferko-Signagure-Reception-rfzqhrptaf4i99ket651i1zdvcoq75785328kc6soo.jpg\"},{\"@type\":\"BreadcrumbList\",\"@id\":\"https:\\\/\\\/plazacubes.com\\\/en\\\/call-me\\\/#breadcrumb\",\"itemListElement\":[{\"@type\":\"ListItem\",\"position\":1,\"name\":\"Anasayfa\",\"item\":\"https:\\\/\\\/plazacubes.com\\\/en\\\/\"},{\"@type\":\"ListItem\",\"position\":2,\"name\":\"Call me\"}]},{\"@type\":\"WebSite\",\"@id\":\"https:\\\/\\\/plazacubes.com\\\/en\\\/#website\",\"url\":\"https:\\\/\\\/plazacubes.com\\\/en\\\/\",\"name\":\"Plazacubes EN\",\"description\":\"\",\"publisher\":{\"@id\":\"https:\\\/\\\/plazacubes.com\\\/en\\\/#organization\"},\"potentialAction\":[{\"@type\":\"SearchAction\",\"target\":{\"@type\":\"EntryPoint\",\"urlTemplate\":\"https:\\\/\\\/plazacubes.com\\\/en\\\/?s={search_term_string}\"},\"query-input\":{\"@type\":\"PropertyValueSpecification\",\"valueRequired\":true,\"valueName\":\"search_term_string\"}}],\"inLanguage\":\"tr\"},{\"@type\":\"Organization\",\"@id\":\"https:\\\/\\\/plazacubes.com\\\/en\\\/#organization\",\"name\":\"Plazacubes EN\",\"url\":\"https:\\\/\\\/plazacubes.com\\\/en\\\/\",\"logo\":{\"@type\":\"ImageObject\",\"inLanguage\":\"tr\",\"@id\":\"https:\\\/\\\/plazacubes.com\\\/en\\\/#\\\/schema\\\/logo\\\/image\\\/\",\"url\":\"https:\\\/\\\/plazacubes.com\\\/en\\\/wp-content\\\/uploads\\\/sites\\\/2\\\/2026\\\/02\\\/cropped-PC-20.Yil-Seffaf-Arka-Plan.png\",\"contentUrl\":\"https:\\\/\\\/plazacubes.com\\\/en\\\/wp-content\\\/uploads\\\/sites\\\/2\\\/2026\\\/02\\\/cropped-PC-20.Yil-Seffaf-Arka-Plan.png\",\"width\":1632,\"height\":311,\"caption\":\"Plazacubes EN\"},\"image\":{\"@id\":\"https:\\\/\\\/plazacubes.com\\\/en\\\/#\\\/schema\\\/logo\\\/image\\\/\"}}]}<\/script>\n<!-- \/ Yoast SEO plugin. -->","yoast_head_json":{"title":"Call me - Plazacubes EN","robots":{"index":"index","follow":"follow","max-snippet":"max-snippet:-1","max-image-preview":"max-image-preview:large","max-video-preview":"max-video-preview:-1"},"canonical":"https:\/\/plazacubes.com\/en\/call-me\/","og_locale":"tr_TR","og_type":"article","og_title":"Call me - Plazacubes EN","og_description":"Beni Aray\u0131n","og_url":"https:\/\/plazacubes.com\/en\/call-me\/","og_site_name":"Plazacubes EN","article_modified_time":"2026-02-04T06:48:38+00:00","og_image":[{"url":"https:\/\/plazacubes.com\/en\/wp-content\/uploads\/sites\/2\/elementor\/thumbs\/Ferko-Signagure-Reception-rfzqhrptaf4i99ket651i1zdvcoq75785328kc6soo.jpg","type":"","width":"","height":""}],"twitter_card":"summary_large_image","twitter_misc":{"Tahmini okuma s\u00fcresi":"1 dakika"},"schema":{"@context":"https:\/\/schema.org","@graph":[{"@type":"WebPage","@id":"https:\/\/plazacubes.com\/en\/call-me\/","url":"https:\/\/plazacubes.com\/en\/call-me\/","name":"Call me - Plazacubes EN","isPartOf":{"@id":"https:\/\/plazacubes.com\/en\/#website"},"primaryImageOfPage":{"@id":"https:\/\/plazacubes.com\/en\/call-me\/#primaryimage"},"image":{"@id":"https:\/\/plazacubes.com\/en\/call-me\/#primaryimage"},"thumbnailUrl":"https:\/\/plazacubes.com\/en\/wp-content\/uploads\/sites\/2\/elementor\/thumbs\/Ferko-Signagure-Reception-rfzqhrptaf4i99ket651i1zdvcoq75785328kc6soo.jpg","datePublished":"2025-08-14T16:07:05+00:00","dateModified":"2026-02-04T06:48:38+00:00","breadcrumb":{"@id":"https:\/\/plazacubes.com\/en\/call-me\/#breadcrumb"},"inLanguage":"tr","potentialAction":[{"@type":"ReadAction","target":["https:\/\/plazacubes.com\/en\/call-me\/"]}]},{"@type":"ImageObject","inLanguage":"tr","@id":"https:\/\/plazacubes.com\/en\/call-me\/#primaryimage","url":"https:\/\/plazacubes.com\/en\/wp-content\/uploads\/sites\/2\/elementor\/thumbs\/Ferko-Signagure-Reception-rfzqhrptaf4i99ket651i1zdvcoq75785328kc6soo.jpg","contentUrl":"https:\/\/plazacubes.com\/en\/wp-content\/uploads\/sites\/2\/elementor\/thumbs\/Ferko-Signagure-Reception-rfzqhrptaf4i99ket651i1zdvcoq75785328kc6soo.jpg"},{"@type":"BreadcrumbList","@id":"https:\/\/plazacubes.com\/en\/call-me\/#breadcrumb","itemListElement":[{"@type":"ListItem","position":1,"name":"Anasayfa","item":"https:\/\/plazacubes.com\/en\/"},{"@type":"ListItem","position":2,"name":"Call me"}]},{"@type":"WebSite","@id":"https:\/\/plazacubes.com\/en\/#website","url":"https:\/\/plazacubes.com\/en\/","name":"Plazacubes EN","description":"","publisher":{"@id":"https:\/\/plazacubes.com\/en\/#organization"},"potentialAction":[{"@type":"SearchAction","target":{"@type":"EntryPoint","urlTemplate":"https:\/\/plazacubes.com\/en\/?s={search_term_string}"},"query-input":{"@type":"PropertyValueSpecification","valueRequired":true,"valueName":"search_term_string"}}],"inLanguage":"tr"},{"@type":"Organization","@id":"https:\/\/plazacubes.com\/en\/#organization","name":"Plazacubes EN","url":"https:\/\/plazacubes.com\/en\/","logo":{"@type":"ImageObject","inLanguage":"tr","@id":"https:\/\/plazacubes.com\/en\/#\/schema\/logo\/image\/","url":"https:\/\/plazacubes.com\/en\/wp-content\/uploads\/sites\/2\/2026\/02\/cropped-PC-20.Yil-Seffaf-Arka-Plan.png","contentUrl":"https:\/\/plazacubes.com\/en\/wp-content\/uploads\/sites\/2\/2026\/02\/cropped-PC-20.Yil-Seffaf-Arka-Plan.png","width":1632,"height":311,"caption":"Plazacubes EN"},"image":{"@id":"https:\/\/plazacubes.com\/en\/#\/schema\/logo\/image\/"}}]}},"uagb_featured_image_src":{"full":false,"thumbnail":false,"medium":false,"medium_large":false,"large":false,"1536x1536":false,"2048x2048":false},"uagb_author_info":{"display_name":"PlazaPanelCubes","author_link":"https:\/\/plazacubes.com\/en\/blog\/author\/plazapanelcubes\/"},"uagb_comment_info":0,"uagb_excerpt":"Beni Aray\u0131n","_links":{"self":[{"href":"https:\/\/plazacubes.com\/en\/wp-json\/wp\/v2\/pages\/244","targetHints":{"allow":["GET"]}}],"collection":[{"href":"https:\/\/plazacubes.com\/en\/wp-json\/wp\/v2\/pages"}],"about":[{"href":"https:\/\/plazacubes.com\/en\/wp-json\/wp\/v2\/types\/page"}],"author":[{"embeddable":true,"href":"https:\/\/plazacubes.com\/en\/wp-json\/wp\/v2\/users\/1"}],"replies":[{"embeddable":true,"href":"https:\/\/plazacubes.com\/en\/wp-json\/wp\/v2\/comments?post=244"}],"version-history":[{"count":39,"href":"https:\/\/plazacubes.com\/en\/wp-json\/wp\/v2\/pages\/244\/revisions"}],"predecessor-version":[{"id":38317,"href":"https:\/\/plazacubes.com\/en\/wp-json\/wp\/v2\/pages\/244\/revisions\/38317"}],"wp:attachment":[{"href":"https:\/\/plazacubes.com\/en\/wp-json\/wp\/v2\/media?parent=244"}],"curies":[{"name":"wp","href":"https:\/\/api.w.org\/{rel}","templated":true}]}}